{"id":905,"date":"2024-07-25T11:28:09","date_gmt":"2024-07-25T11:28:09","guid":{"rendered":"https:\/\/inesalegria.com\/?page_id=905"},"modified":"2025-01-09T15:20:44","modified_gmt":"2025-01-09T15:20:44","slug":"personal-branding","status":"publish","type":"page","link":"https:\/\/inesalegria.com\/pt\/personal-branding\/","title":{"rendered":"Branding Pessoal"},"content":{"rendered":"<p class=\"attachment\"><a href='https:\/\/inesalegria.com\/wp-content\/uploads\/2024\/07\/Branding-Pessoal-Ines-Alegria-2-1-e1721907162198.png'><img fetchpriority=\"high\" decoding=\"async\" width=\"226\" height=\"300\" src=\"https:\/\/inesalegria.com\/wp-content\/uploads\/2024\/07\/Branding-Pessoal-Ines-Alegria-2-1-e1721907162198-226x300.png\" class=\"attachment-medium size-medium\" alt=\"\" srcset=\"https:\/\/inesalegria.com\/wp-content\/uploads\/2024\/07\/Branding-Pessoal-Ines-Alegria-2-1-e1721907162198-226x300.png 226w, https:\/\/inesalegria.com\/wp-content\/uploads\/2024\/07\/Branding-Pessoal-Ines-Alegria-2-1-e1721907162198-772x1024.png 772w, https:\/\/inesalegria.com\/wp-content\/uploads\/2024\/07\/Branding-Pessoal-Ines-Alegria-2-1-e1721907162198-768x1018.png 768w, https:\/\/inesalegria.com\/wp-content\/uploads\/2024\/07\/Branding-Pessoal-Ines-Alegria-2-1-e1721907162198-1158x1536.png 1158w, https:\/\/inesalegria.com\/wp-content\/uploads\/2024\/07\/Branding-Pessoal-Ines-Alegria-2-1-e1721907162198-1545x2048.png 1545w, https:\/\/inesalegria.com\/wp-content\/uploads\/2024\/07\/Branding-Pessoal-Ines-Alegria-2-1-e1721907162198-249x330.png 249w, https:\/\/inesalegria.com\/wp-content\/uploads\/2024\/07\/Branding-Pessoal-Ines-Alegria-2-1-e1721907162198-136x180.png 136w\" sizes=\"(max-width: 226px) 100vw, 226px\" \/><\/a><\/p>\n\t\t<div data-elementor-type=\"wp-page\" data-elementor-id=\"905\" class=\"elementor elementor-905\">\n\t\t\t\t<div class=\"elementor-element elementor-element-77095a1 e-flex e-con-boxed wpr-particle-no wpr-jarallax-no wpr-parallax-no wpr-sticky-section-no wpr-equal-height-no e-con e-parent\" data-id=\"77095a1\" data-element_type=\"container\" data-e-type=\"container\">\n\t\t\t\t\t<div class=\"e-con-inner\">\n\t\t\t\t<div class=\"elementor-element elementor-element-7d5eb3a elementor-widget elementor-widget-heading\" data-id=\"7d5eb3a\" data-element_type=\"widget\" data-e-type=\"widget\" data-widget_type=\"heading.default\">\n\t\t\t\t\t<h2 class=\"elementor-heading-title elementor-size-default\">Branding Pessoal<\/h2>\t\t\t\t<\/div>\n\t\t\t\t<div class=\"elementor-element elementor-element-02a83f6 elementor-widget elementor-widget-text-editor\" data-id=\"02a83f6\" data-element_type=\"widget\" data-e-type=\"widget\" data-widget_type=\"text-editor.default\">\n\t\t\t\t\t\t\t\t\t<p><b>No \u00e2mbito do m\u00f3dulo de Marcas e Publicidade do curso de Ilustra\u00e7\u00e3o da World Academy, densenvolvi um branding pessoal. Entretanto j\u00e1 n\u00e3o utilizo esta imagem e inclusiv\u00e9 alguma informa\u00e7\u00e3o do business card j\u00e1 n\u00e3o est\u00e1 atualizada, mas foi muito divertido criar o meu primeiro logo e fazer uma p\u00e1gina de branding como esta.<\/b><\/p>\t\t\t\t\t\t\t\t<\/div>\n\t\t\t\t<div class=\"elementor-element elementor-element-55725d2 wpr-grid-columns-1 wpr-grid-columns--tablet3 wpr-grid-columns--mobile1 wpr-grid-pagination-center elementor-widget elementor-widget-wpr-media-grid\" data-id=\"55725d2\" data-element_type=\"widget\" data-e-type=\"widget\" data-widget_type=\"wpr-media-grid.default\">\n\t\t\t\t\t<section class=\"wpr-grid wpr-media-grid elementor-clearfix\" data-settings=\"{&quot;layout&quot;:&quot;masonry&quot;,&quot;columns_desktop&quot;:&quot;1&quot;,&quot;gutter_hr&quot;:0,&quot;gutter_hr_mobile&quot;:0,&quot;gutter_hr_mobile_extra&quot;:0,&quot;gutter_hr_tablet&quot;:0,&quot;gutter_hr_tablet_extra&quot;:0,&quot;gutter_hr_laptop&quot;:0,&quot;gutter_hr_widescreen&quot;:0,&quot;gutter_vr&quot;:0,&quot;gutter_vr_mobile&quot;:0,&quot;gutter_vr_mobile_extra&quot;:0,&quot;gutter_vr_tablet&quot;:0,&quot;gutter_vr_tablet_extra&quot;:0,&quot;gutter_vr_laptop&quot;:0,&quot;gutter_vr_widescreen&quot;:0,&quot;animation&quot;:&quot;default&quot;,&quot;animation_duration&quot;:0.3,&quot;animation_delay&quot;:0.1,&quot;deeplinking&quot;:&quot;&quot;,&quot;filters_default_filter&quot;:&quot;&quot;,&quot;filters_linkable&quot;:&quot;no&quot;,&quot;filters_count&quot;:&quot;&quot;,&quot;filters_hide_empty&quot;:&quot;no&quot;,&quot;filters_animation&quot;:&quot;default&quot;,&quot;filters_animation_duration&quot;:0.3,&quot;filters_animation_delay&quot;:0.1,&quot;pagination_type&quot;:&quot;load-more&quot;,&quot;pagination_max_pages&quot;:1,&quot;lightbox&quot;:{&quot;selector&quot;:&quot;.wpr-grid-image-wrap&quot;,&quot;iframeMaxWidth&quot;:&quot;60%&quot;,&quot;hash&quot;:false,&quot;autoplay&quot;:&quot;true&quot;,&quot;pause&quot;:5000,&quot;progressBar&quot;:&quot;true&quot;,&quot;counter&quot;:&quot;true&quot;,&quot;controls&quot;:&quot;true&quot;,&quot;getCaptionFromTitleOrAlt&quot;:&quot;true&quot;,&quot;thumbnail&quot;:&quot;&quot;,&quot;showThumbByDefault&quot;:&quot;&quot;,&quot;share&quot;:&quot;&quot;,&quot;zoom&quot;:&quot;true&quot;,&quot;fullScreen&quot;:&quot;true&quot;,&quot;download&quot;:&quot;true&quot;}}\"><article class=\"wpr-grid-item elementor-clearfix post-907 attachment type-attachment status-inherit hentry\"><div class=\"wpr-grid-item-inner\"><div class=\"wpr-grid-media-wrap wpr-effect-size-small\"><div class=\"wpr-grid-image-wrap\" data-src=\"https:\/\/inesalegria.com\/wp-content\/uploads\/2024\/07\/Branding-Pessoal-Ines-Alegria-1-1-e1721907060135.png\"><img decoding=\"async\" src=\"https:\/\/inesalegria.com\/wp-content\/uploads\/2024\/07\/Branding-Pessoal-Ines-Alegria-1-1-e1721907060135.png\" alt=\"Personal Branding\" class=\"wpr-anim-timing-ease-default\"><\/div><div class=\"wpr-grid-media-hover wpr-animation-wrap\"><div class=\"wpr-grid-media-hover-bg  wpr-overlay-fade-in wpr-anim-size-large wpr-anim-timing-ease-default wpr-anim-transparency\" data-url=\"https:\/\/inesalegria.com\/pt\/personal-branding\/branding-pessoal-ines-alegria-1-2\/#main\"><\/div><div class=\"wpr-cv-container\"><div class=\"wpr-cv-outer\"><div class=\"wpr-cv-inner\"><div class=\"wpr-grid-media-hover-middle elementor-clearfix\"><div class=\"wpr-grid-item-lightbox elementor-repeater-item-50c49bf wpr-grid-item-display-block wpr-grid-item-align-center wpr-element-fade-in wpr-anim-size-large wpr-anim-timing-ease-default wpr-anim-transparency\"><div class=\"inner-block\"><span data-src=\"https:\/\/inesalegria.com\/wp-content\/uploads\/2024\/07\/Branding-Pessoal-Ines-Alegria-1-1-e1721907060135.png\"><i class=\"fas fa-search\"><\/i><\/span><div class=\"wpr-grid-lightbox-overlay\"><\/div><\/div><\/div><h2 class=\"wpr-grid-item-title elementor-repeater-item-fa01d7f wpr-grid-item-display-block wpr-grid-item-align-center wpr-element-fade-in wpr-anim-size-large wpr-anim-timing-ease-default wpr-anim-transparency wpr-pointer-none wpr-pointer-line-fx wpr-pointer-fx-fade\"><div class=\"inner-block\"><a  href=\"https:\/\/inesalegria.com\/pt\/personal-branding\/branding-pessoal-ines-alegria-1-2\/#main\">Branding Pessoal<\/a><\/div><\/h2><\/div><\/div><\/div><\/div><\/div><\/div><\/div><\/article><article class=\"wpr-grid-item elementor-clearfix post-908 attachment type-attachment status-inherit hentry\"><div class=\"wpr-grid-item-inner\"><div class=\"wpr-grid-media-wrap wpr-effect-size-small\"><div class=\"wpr-grid-image-wrap\" data-src=\"https:\/\/inesalegria.com\/wp-content\/uploads\/2024\/07\/Branding-Pessoal-Ines-Alegria-2-e1721907114736.png\"><img decoding=\"async\" src=\"https:\/\/inesalegria.com\/wp-content\/uploads\/2024\/07\/Branding-Pessoal-Ines-Alegria-2-e1721907114736.png\" alt=\"Personal Branding\" class=\"wpr-anim-timing-ease-default\"><\/div><div class=\"wpr-grid-media-hover wpr-animation-wrap\"><div class=\"wpr-grid-media-hover-bg  wpr-overlay-fade-in wpr-anim-size-large wpr-anim-timing-ease-default wpr-anim-transparency\" data-url=\"https:\/\/inesalegria.com\/pt\/personal-branding\/branding-pessoal-ines-alegria-2\/#main\"><\/div><div class=\"wpr-cv-container\"><div class=\"wpr-cv-outer\"><div class=\"wpr-cv-inner\"><div class=\"wpr-grid-media-hover-middle elementor-clearfix\"><div class=\"wpr-grid-item-lightbox elementor-repeater-item-50c49bf wpr-grid-item-display-block wpr-grid-item-align-center wpr-element-fade-in wpr-anim-size-large wpr-anim-timing-ease-default wpr-anim-transparency\"><div class=\"inner-block\"><span data-src=\"https:\/\/inesalegria.com\/wp-content\/uploads\/2024\/07\/Branding-Pessoal-Ines-Alegria-2-e1721907114736.png\"><i class=\"fas fa-search\"><\/i><\/span><div class=\"wpr-grid-lightbox-overlay\"><\/div><\/div><\/div><h2 class=\"wpr-grid-item-title elementor-repeater-item-fa01d7f wpr-grid-item-display-block wpr-grid-item-align-center wpr-element-fade-in wpr-anim-size-large wpr-anim-timing-ease-default wpr-anim-transparency wpr-pointer-none wpr-pointer-line-fx wpr-pointer-fx-fade\"><div class=\"inner-block\"><a  href=\"https:\/\/inesalegria.com\/pt\/personal-branding\/branding-pessoal-ines-alegria-2\/#main\">Branding Pessoal<\/a><\/div><\/h2><\/div><\/div><\/div><\/div><\/div><\/div><\/div><\/article><article class=\"wpr-grid-item elementor-clearfix post-909 attachment type-attachment status-inherit hentry\"><div class=\"wpr-grid-item-inner\"><div class=\"wpr-grid-media-wrap wpr-effect-size-small\"><div class=\"wpr-grid-image-wrap\" data-src=\"https:\/\/inesalegria.com\/wp-content\/uploads\/2024\/07\/Branding-Pessoal-Ines-Alegria-1-2-e1721907137502.png\"><img decoding=\"async\" src=\"https:\/\/inesalegria.com\/wp-content\/uploads\/2024\/07\/Branding-Pessoal-Ines-Alegria-1-2-e1721907137502.png\" alt=\"Personal Branding\" class=\"wpr-anim-timing-ease-default\"><\/div><div class=\"wpr-grid-media-hover wpr-animation-wrap\"><div class=\"wpr-grid-media-hover-bg  wpr-overlay-fade-in wpr-anim-size-large wpr-anim-timing-ease-default wpr-anim-transparency\" data-url=\"https:\/\/inesalegria.com\/pt\/personal-branding\/branding-pessoal-ines-alegria-1-3\/#main\"><\/div><div class=\"wpr-cv-container\"><div class=\"wpr-cv-outer\"><div class=\"wpr-cv-inner\"><div class=\"wpr-grid-media-hover-middle elementor-clearfix\"><div class=\"wpr-grid-item-lightbox elementor-repeater-item-50c49bf wpr-grid-item-display-block wpr-grid-item-align-center wpr-element-fade-in wpr-anim-size-large wpr-anim-timing-ease-default wpr-anim-transparency\"><div class=\"inner-block\"><span data-src=\"https:\/\/inesalegria.com\/wp-content\/uploads\/2024\/07\/Branding-Pessoal-Ines-Alegria-1-2-e1721907137502.png\"><i class=\"fas fa-search\"><\/i><\/span><div class=\"wpr-grid-lightbox-overlay\"><\/div><\/div><\/div><h2 class=\"wpr-grid-item-title elementor-repeater-item-fa01d7f wpr-grid-item-display-block wpr-grid-item-align-center wpr-element-fade-in wpr-anim-size-large wpr-anim-timing-ease-default wpr-anim-transparency wpr-pointer-none wpr-pointer-line-fx wpr-pointer-fx-fade\"><div class=\"inner-block\"><a  href=\"https:\/\/inesalegria.com\/pt\/personal-branding\/branding-pessoal-ines-alegria-1-3\/#main\">Branding Pessoal<\/a><\/div><\/h2><\/div><\/div><\/div><\/div><\/div><\/div><\/div><\/article><article class=\"wpr-grid-item elementor-clearfix post-910 attachment type-attachment status-inherit hentry\"><div class=\"wpr-grid-item-inner\"><div class=\"wpr-grid-media-wrap wpr-effect-size-small\"><div class=\"wpr-grid-image-wrap\" data-src=\"https:\/\/inesalegria.com\/wp-content\/uploads\/2024\/07\/Branding-Pessoal-Ines-Alegria-2-1-e1721907162198.png\"><img decoding=\"async\" src=\"https:\/\/inesalegria.com\/wp-content\/uploads\/2024\/07\/Branding-Pessoal-Ines-Alegria-2-1-e1721907162198.png\" alt=\"Personal Branding\" class=\"wpr-anim-timing-ease-default\"><\/div><div class=\"wpr-grid-media-hover wpr-animation-wrap\"><div class=\"wpr-grid-media-hover-bg  wpr-overlay-fade-in wpr-anim-size-large wpr-anim-timing-ease-default wpr-anim-transparency\" data-url=\"https:\/\/inesalegria.com\/pt\/personal-branding\/branding-pessoal-ines-alegria-2-2\/#main\"><\/div><div class=\"wpr-cv-container\"><div class=\"wpr-cv-outer\"><div class=\"wpr-cv-inner\"><div class=\"wpr-grid-media-hover-middle elementor-clearfix\"><div class=\"wpr-grid-item-lightbox elementor-repeater-item-50c49bf wpr-grid-item-display-block wpr-grid-item-align-center wpr-element-fade-in wpr-anim-size-large wpr-anim-timing-ease-default wpr-anim-transparency\"><div class=\"inner-block\"><span data-src=\"https:\/\/inesalegria.com\/wp-content\/uploads\/2024\/07\/Branding-Pessoal-Ines-Alegria-2-1-e1721907162198.png\"><i class=\"fas fa-search\"><\/i><\/span><div class=\"wpr-grid-lightbox-overlay\"><\/div><\/div><\/div><h2 class=\"wpr-grid-item-title elementor-repeater-item-fa01d7f wpr-grid-item-display-block wpr-grid-item-align-center wpr-element-fade-in wpr-anim-size-large wpr-anim-timing-ease-default wpr-anim-transparency wpr-pointer-none wpr-pointer-line-fx wpr-pointer-fx-fade\"><div class=\"inner-block\"><a  href=\"https:\/\/inesalegria.com\/pt\/personal-branding\/branding-pessoal-ines-alegria-2-2\/#main\">Branding Pessoal<\/a><\/div><\/h2><\/div><\/div><\/div><\/div><\/div><\/div><\/div><\/article><\/section>\t\t\t\t<\/div>\n\t\t\t\t\t<\/div>\n\t\t\t\t<\/div>\n\t\t\t\t<\/div>","protected":false},"excerpt":{"rendered":"<p>Personal Branding As part of the module Brands and Advertisement at World Academy\u2019s Illustration course, I developed my branding. Although some of the things are a bit out of date, for example, the email in the business cards, I still love this branding and I had plenty of fun trying to translate my personality into it. Branding Pessoal In\u00eas Alegria-1 Branding Pessoal In\u00eas Alegria-2 Branding Pessoal In\u00eas Alegria-1 Branding Pessoal In\u00eas Alegria-2<\/p>","protected":false},"author":1,"featured_media":1592,"parent":0,"menu_order":0,"comment_status":"closed","ping_status":"closed","template":"page-blank.php","meta":{"footnotes":""},"class_list":["post-905","page","type-page","status-publish","has-post-thumbnail","hentry"],"_links":{"self":[{"href":"https:\/\/inesalegria.com\/pt\/wp-json\/wp\/v2\/pages\/905","targetHints":{"allow":["GET"]}}],"collection":[{"href":"https:\/\/inesalegria.com\/pt\/wp-json\/wp\/v2\/pages"}],"about":[{"href":"https:\/\/inesalegria.com\/pt\/wp-json\/wp\/v2\/types\/page"}],"author":[{"embeddable":true,"href":"https:\/\/inesalegria.com\/pt\/wp-json\/wp\/v2\/users\/1"}],"replies":[{"embeddable":true,"href":"https:\/\/inesalegria.com\/pt\/wp-json\/wp\/v2\/comments?post=905"}],"version-history":[{"count":12,"href":"https:\/\/inesalegria.com\/pt\/wp-json\/wp\/v2\/pages\/905\/revisions"}],"predecessor-version":[{"id":1814,"href":"https:\/\/inesalegria.com\/pt\/wp-json\/wp\/v2\/pages\/905\/revisions\/1814"}],"wp:featuredmedia":[{"embeddable":true,"href":"https:\/\/inesalegria.com\/pt\/wp-json\/wp\/v2\/media\/1592"}],"wp:attachment":[{"href":"https:\/\/inesalegria.com\/pt\/wp-json\/wp\/v2\/media?parent=905"}],"curies":[{"name":"wp","href":"https:\/\/api.w.org\/{rel}","templated":true}]}}