{"id":840,"date":"2024-07-25T10:27:01","date_gmt":"2024-07-25T10:27:01","guid":{"rendered":"https:\/\/inesalegria.com\/?page_id=840"},"modified":"2025-01-10T15:16:02","modified_gmt":"2025-01-10T15:16:02","slug":"festival-do-pepino","status":"publish","type":"page","link":"https:\/\/inesalegria.com\/pt\/festival-do-pepino\/","title":{"rendered":"Festival do Pepino"},"content":{"rendered":"<p class=\"attachment\"><a href='https:\/\/inesalegria.com\/wp-content\/uploads\/2024\/07\/Free_Poster_Frame_Mockup_1-1.png'><img fetchpriority=\"high\" decoding=\"async\" width=\"300\" height=\"225\" src=\"https:\/\/inesalegria.com\/wp-content\/uploads\/2024\/07\/Free_Poster_Frame_Mockup_1-1-300x225.png\" class=\"attachment-medium size-medium\" alt=\"\" srcset=\"https:\/\/inesalegria.com\/wp-content\/uploads\/2024\/07\/Free_Poster_Frame_Mockup_1-1-300x225.png 300w, https:\/\/inesalegria.com\/wp-content\/uploads\/2024\/07\/Free_Poster_Frame_Mockup_1-1-1024x768.png 1024w, https:\/\/inesalegria.com\/wp-content\/uploads\/2024\/07\/Free_Poster_Frame_Mockup_1-1-768x576.png 768w, https:\/\/inesalegria.com\/wp-content\/uploads\/2024\/07\/Free_Poster_Frame_Mockup_1-1-1536x1152.png 1536w, https:\/\/inesalegria.com\/wp-content\/uploads\/2024\/07\/Free_Poster_Frame_Mockup_1-1-2048x1536.png 2048w, https:\/\/inesalegria.com\/wp-content\/uploads\/2024\/07\/Free_Poster_Frame_Mockup_1-1-440x330.png 440w, https:\/\/inesalegria.com\/wp-content\/uploads\/2024\/07\/Free_Poster_Frame_Mockup_1-1-240x180.png 240w\" sizes=\"(max-width: 300px) 100vw, 300px\" \/><\/a><\/p>\n\t\t<div data-elementor-type=\"wp-page\" data-elementor-id=\"840\" class=\"elementor elementor-840\">\n\t\t\t\t<div class=\"elementor-element elementor-element-26f017d2 e-flex e-con-boxed wpr-particle-no wpr-jarallax-no wpr-parallax-no wpr-sticky-section-no wpr-equal-height-no e-con e-parent\" data-id=\"26f017d2\" data-element_type=\"container\" data-e-type=\"container\">\n\t\t\t\t\t<div class=\"e-con-inner\">\n\t\t\t\t<div class=\"elementor-element elementor-element-ff125ce elementor-widget elementor-widget-heading\" data-id=\"ff125ce\" data-element_type=\"widget\" data-e-type=\"widget\" data-widget_type=\"heading.default\">\n\t\t\t\t\t<h2 class=\"elementor-heading-title elementor-size-default\">Festival do Pepino<\/h2>\t\t\t\t<\/div>\n\t\t\t\t<div class=\"elementor-element elementor-element-58b4493 elementor-widget elementor-widget-text-editor\" data-id=\"58b4493\" data-element_type=\"widget\" data-e-type=\"widget\" data-widget_type=\"text-editor.default\">\n\t\t\t\t\t\t\t\t\t<p><b>No \u00e2mbito do m\u00f3dulo de M\u00fasica e Cultura na World Academy, e com a ajuda do formador e ilustrador Nuno Saraiva, criei este festival fict\u00edcio. Decidi chamar-lhe \"Festival do Pepino\" e nele incluir todos os meus artistas preferidos.<\/b><\/p>\t\t\t\t\t\t\t\t<\/div>\n\t\t\t\t<div class=\"elementor-element elementor-element-6e166df wpr-grid-columns-3 wpr-grid-columns--tablet3 wpr-grid-columns--mobile1 wpr-grid-pagination-center elementor-widget elementor-widget-wpr-media-grid\" data-id=\"6e166df\" data-element_type=\"widget\" data-e-type=\"widget\" data-widget_type=\"wpr-media-grid.default\">\n\t\t\t\t\t<section class=\"wpr-grid wpr-media-grid elementor-clearfix\" data-settings=\"{&quot;layout&quot;:&quot;masonry&quot;,&quot;columns_desktop&quot;:&quot;3&quot;,&quot;gutter_hr&quot;:10,&quot;gutter_hr_mobile&quot;:10,&quot;gutter_hr_mobile_extra&quot;:10,&quot;gutter_hr_tablet&quot;:10,&quot;gutter_hr_tablet_extra&quot;:10,&quot;gutter_hr_laptop&quot;:10,&quot;gutter_hr_widescreen&quot;:10,&quot;gutter_vr&quot;:10,&quot;gutter_vr_mobile&quot;:10,&quot;gutter_vr_mobile_extra&quot;:10,&quot;gutter_vr_tablet&quot;:10,&quot;gutter_vr_tablet_extra&quot;:10,&quot;gutter_vr_laptop&quot;:10,&quot;gutter_vr_widescreen&quot;:10,&quot;animation&quot;:&quot;default&quot;,&quot;animation_duration&quot;:0.3,&quot;animation_delay&quot;:0.1,&quot;deeplinking&quot;:&quot;&quot;,&quot;filters_default_filter&quot;:&quot;&quot;,&quot;filters_linkable&quot;:&quot;no&quot;,&quot;filters_count&quot;:&quot;&quot;,&quot;filters_hide_empty&quot;:&quot;no&quot;,&quot;filters_animation&quot;:&quot;default&quot;,&quot;filters_animation_duration&quot;:0.3,&quot;filters_animation_delay&quot;:0.1,&quot;pagination_type&quot;:&quot;load-more&quot;,&quot;pagination_max_pages&quot;:1,&quot;lightbox&quot;:{&quot;selector&quot;:&quot;.wpr-grid-image-wrap&quot;,&quot;iframeMaxWidth&quot;:&quot;60%&quot;,&quot;hash&quot;:false,&quot;autoplay&quot;:&quot;true&quot;,&quot;pause&quot;:5000,&quot;progressBar&quot;:&quot;true&quot;,&quot;counter&quot;:&quot;true&quot;,&quot;controls&quot;:&quot;true&quot;,&quot;getCaptionFromTitleOrAlt&quot;:&quot;true&quot;,&quot;thumbnail&quot;:&quot;&quot;,&quot;showThumbByDefault&quot;:&quot;&quot;,&quot;share&quot;:&quot;&quot;,&quot;zoom&quot;:&quot;true&quot;,&quot;fullScreen&quot;:&quot;true&quot;,&quot;download&quot;:&quot;true&quot;}}\"><article class=\"wpr-grid-item elementor-clearfix post-844 attachment type-attachment status-inherit hentry\"><div class=\"wpr-grid-item-inner\"><div class=\"wpr-grid-media-wrap wpr-effect-size-small\"><div class=\"wpr-grid-image-wrap\" data-src=\"https:\/\/inesalegria.com\/wp-content\/uploads\/2024\/07\/Poster_Frame_Mockup-1-comprimido-1.png\"><img decoding=\"async\" src=\"https:\/\/inesalegria.com\/wp-content\/uploads\/2024\/07\/Poster_Frame_Mockup-1-comprimido-1.png\" alt=\"Mockup Pickle Festival\" class=\"wpr-anim-timing-ease-default\"><\/div><div class=\"wpr-grid-media-hover wpr-animation-wrap\"><div class=\"wpr-grid-media-hover-bg  wpr-overlay-fade-in wpr-anim-size-large wpr-anim-timing-ease-default wpr-anim-transparency\" data-url=\"https:\/\/inesalegria.com\/pt\/festival-do-pepino\/poster_frame_mockup-1-comprimido-2\/#main\"><\/div><div class=\"wpr-cv-container\"><div class=\"wpr-cv-outer\"><div class=\"wpr-cv-inner\"><div class=\"wpr-grid-media-hover-middle elementor-clearfix\"><div class=\"wpr-grid-item-lightbox elementor-repeater-item-847d0c3 wpr-grid-item-display-block wpr-grid-item-align-center wpr-element-fade-in wpr-anim-size-large wpr-anim-timing-ease-default wpr-anim-transparency\"><div class=\"inner-block\"><span data-src=\"https:\/\/inesalegria.com\/wp-content\/uploads\/2024\/07\/Poster_Frame_Mockup-1-comprimido-1.png\"><i class=\"fas fa-search\"><\/i><\/span><div class=\"wpr-grid-lightbox-overlay\"><\/div><\/div><\/div><h2 class=\"wpr-grid-item-title elementor-repeater-item-4df2cb4 wpr-grid-item-display-block wpr-grid-item-align-center wpr-element-fade-in wpr-anim-size-large wpr-anim-timing-ease-default wpr-anim-transparency wpr-pointer-none wpr-pointer-line-fx wpr-pointer-fx-fade\"><div class=\"inner-block\"><a  href=\"https:\/\/inesalegria.com\/pt\/festival-do-pepino\/poster_frame_mockup-1-comprimido-2\/#main\">Mockup Pickle Festival<\/a><\/div><\/h2><\/div><\/div><\/div><\/div><\/div><\/div><\/div><\/article><article class=\"wpr-grid-item elementor-clearfix post-842 attachment type-attachment status-inherit hentry\"><div class=\"wpr-grid-item-inner\"><div class=\"wpr-grid-media-wrap wpr-effect-size-small\"><div class=\"wpr-grid-image-wrap\" data-src=\"https:\/\/inesalegria.com\/wp-content\/uploads\/2024\/07\/Festival-do-Pepino-com-textura.png\"><img decoding=\"async\" src=\"https:\/\/inesalegria.com\/wp-content\/uploads\/2024\/07\/Festival-do-Pepino-com-textura.png\" alt=\"Pickle Festival\" class=\"wpr-anim-timing-ease-default\"><\/div><div class=\"wpr-grid-media-hover wpr-animation-wrap\"><div class=\"wpr-grid-media-hover-bg  wpr-overlay-fade-in wpr-anim-size-large wpr-anim-timing-ease-default wpr-anim-transparency\" data-url=\"https:\/\/inesalegria.com\/pt\/festival-do-pepino\/festival-do-pepino-com-textura\/#main\"><\/div><div class=\"wpr-cv-container\"><div class=\"wpr-cv-outer\"><div class=\"wpr-cv-inner\"><div class=\"wpr-grid-media-hover-middle elementor-clearfix\"><div class=\"wpr-grid-item-lightbox elementor-repeater-item-847d0c3 wpr-grid-item-display-block wpr-grid-item-align-center wpr-element-fade-in wpr-anim-size-large wpr-anim-timing-ease-default wpr-anim-transparency\"><div class=\"inner-block\"><span data-src=\"https:\/\/inesalegria.com\/wp-content\/uploads\/2024\/07\/Festival-do-Pepino-com-textura.png\"><i class=\"fas fa-search\"><\/i><\/span><div class=\"wpr-grid-lightbox-overlay\"><\/div><\/div><\/div><h2 class=\"wpr-grid-item-title elementor-repeater-item-4df2cb4 wpr-grid-item-display-block wpr-grid-item-align-center wpr-element-fade-in wpr-anim-size-large wpr-anim-timing-ease-default wpr-anim-transparency wpr-pointer-none wpr-pointer-line-fx wpr-pointer-fx-fade\"><div class=\"inner-block\"><a  href=\"https:\/\/inesalegria.com\/pt\/festival-do-pepino\/festival-do-pepino-com-textura\/#main\">Festival do Pepino<\/a><\/div><\/h2><\/div><\/div><\/div><\/div><\/div><\/div><\/div><\/article><article class=\"wpr-grid-item elementor-clearfix post-843 attachment type-attachment status-inherit hentry\"><div class=\"wpr-grid-item-inner\"><div class=\"wpr-grid-media-wrap wpr-effect-size-small\"><div class=\"wpr-grid-image-wrap\" data-src=\"https:\/\/inesalegria.com\/wp-content\/uploads\/2024\/07\/Free_Poster_Frame_Mockup_1-1.png\"><img decoding=\"async\" src=\"https:\/\/inesalegria.com\/wp-content\/uploads\/2024\/07\/Free_Poster_Frame_Mockup_1-1.png\" alt=\"Mockup Pickle Festival\" class=\"wpr-anim-timing-ease-default\"><\/div><div class=\"wpr-grid-media-hover wpr-animation-wrap\"><div class=\"wpr-grid-media-hover-bg  wpr-overlay-fade-in wpr-anim-size-large wpr-anim-timing-ease-default wpr-anim-transparency\" data-url=\"https:\/\/inesalegria.com\/pt\/festival-do-pepino\/free_poster_frame_mockup_1-2\/#main\"><\/div><div class=\"wpr-cv-container\"><div class=\"wpr-cv-outer\"><div class=\"wpr-cv-inner\"><div class=\"wpr-grid-media-hover-middle elementor-clearfix\"><div class=\"wpr-grid-item-lightbox elementor-repeater-item-847d0c3 wpr-grid-item-display-block wpr-grid-item-align-center wpr-element-fade-in wpr-anim-size-large wpr-anim-timing-ease-default wpr-anim-transparency\"><div class=\"inner-block\"><span data-src=\"https:\/\/inesalegria.com\/wp-content\/uploads\/2024\/07\/Free_Poster_Frame_Mockup_1-1.png\"><i class=\"fas fa-search\"><\/i><\/span><div class=\"wpr-grid-lightbox-overlay\"><\/div><\/div><\/div><h2 class=\"wpr-grid-item-title elementor-repeater-item-4df2cb4 wpr-grid-item-display-block wpr-grid-item-align-center wpr-element-fade-in wpr-anim-size-large wpr-anim-timing-ease-default wpr-anim-transparency wpr-pointer-none wpr-pointer-line-fx wpr-pointer-fx-fade\"><div class=\"inner-block\"><a  href=\"https:\/\/inesalegria.com\/pt\/festival-do-pepino\/free_poster_frame_mockup_1-2\/#main\">Mockup Pickle Festival<\/a><\/div><\/h2><\/div><\/div><\/div><\/div><\/div><\/div><\/div><\/article><\/section>\t\t\t\t<\/div>\n\t\t\t\t\t<\/div>\n\t\t\t\t<\/div>\n\t\t\t\t<\/div>","protected":false},"excerpt":{"rendered":"<p>Pickle Festival As part of the module Music and Culture at World Academy\u2019s Illustration course, with the mentorship of illustrator Nuno Saraiva, I developed this poster proposal for a fictional music festival. I love pickles so I decided why not make a festival where there are pickles and all of my favorite musicians. Mockup Pickle Festival Pickle Festival Mockup Pickle Festival<\/p>","protected":false},"author":1,"featured_media":843,"parent":0,"menu_order":0,"comment_status":"closed","ping_status":"closed","template":"page-blank.php","meta":{"footnotes":""},"class_list":["post-840","page","type-page","status-publish","has-post-thumbnail","hentry"],"_links":{"self":[{"href":"https:\/\/inesalegria.com\/pt\/wp-json\/wp\/v2\/pages\/840","targetHints":{"allow":["GET"]}}],"collection":[{"href":"https:\/\/inesalegria.com\/pt\/wp-json\/wp\/v2\/pages"}],"about":[{"href":"https:\/\/inesalegria.com\/pt\/wp-json\/wp\/v2\/types\/page"}],"author":[{"embeddable":true,"href":"https:\/\/inesalegria.com\/pt\/wp-json\/wp\/v2\/users\/1"}],"replies":[{"embeddable":true,"href":"https:\/\/inesalegria.com\/pt\/wp-json\/wp\/v2\/comments?post=840"}],"version-history":[{"count":13,"href":"https:\/\/inesalegria.com\/pt\/wp-json\/wp\/v2\/pages\/840\/revisions"}],"predecessor-version":[{"id":1889,"href":"https:\/\/inesalegria.com\/pt\/wp-json\/wp\/v2\/pages\/840\/revisions\/1889"}],"wp:featuredmedia":[{"embeddable":true,"href":"https:\/\/inesalegria.com\/pt\/wp-json\/wp\/v2\/media\/843"}],"wp:attachment":[{"href":"https:\/\/inesalegria.com\/pt\/wp-json\/wp\/v2\/media?parent=840"}],"curies":[{"name":"wp","href":"https:\/\/api.w.org\/{rel}","templated":true}]}}