{"id":830,"date":"2024-07-25T10:06:26","date_gmt":"2024-07-25T10:06:26","guid":{"rendered":"https:\/\/inesalegria.com\/?page_id=830"},"modified":"2025-01-09T14:57:07","modified_gmt":"2025-01-09T14:57:07","slug":"black-friday-poster","status":"publish","type":"page","link":"https:\/\/inesalegria.com\/pt\/black-friday-poster\/","title":{"rendered":"Black Friday Promo"},"content":{"rendered":"<p class=\"attachment\"><a href='https:\/\/inesalegria.com\/wp-content\/uploads\/2024\/07\/Black-Friday-e1763986425181.png'><img fetchpriority=\"high\" decoding=\"async\" width=\"300\" height=\"215\" src=\"https:\/\/inesalegria.com\/wp-content\/uploads\/2024\/07\/Black-Friday-e1763986425181-300x215.png\" class=\"attachment-medium size-medium\" alt=\"\" srcset=\"https:\/\/inesalegria.com\/wp-content\/uploads\/2024\/07\/Black-Friday-e1763986425181-300x215.png 300w, https:\/\/inesalegria.com\/wp-content\/uploads\/2024\/07\/Black-Friday-e1763986425181-1024x735.png 1024w, https:\/\/inesalegria.com\/wp-content\/uploads\/2024\/07\/Black-Friday-e1763986425181-768x551.png 768w, https:\/\/inesalegria.com\/wp-content\/uploads\/2024\/07\/Black-Friday-e1763986425181-1536x1102.png 1536w, https:\/\/inesalegria.com\/wp-content\/uploads\/2024\/07\/Black-Friday-e1763986425181-2048x1469.png 2048w, https:\/\/inesalegria.com\/wp-content\/uploads\/2024\/07\/Black-Friday-e1763986425181-460x330.png 460w, https:\/\/inesalegria.com\/wp-content\/uploads\/2024\/07\/Black-Friday-e1763986425181-251x180.png 251w, https:\/\/inesalegria.com\/wp-content\/uploads\/2024\/07\/Black-Friday-e1763986425181-18x12.png 18w\" sizes=\"(max-width: 300px) 100vw, 300px\" \/><\/a><\/p>\n\t\t<div data-elementor-type=\"wp-page\" data-elementor-id=\"830\" class=\"elementor elementor-830\">\n\t\t\t\t<div class=\"elementor-element elementor-element-f965665 e-flex e-con-boxed wpr-particle-no wpr-jarallax-no wpr-parallax-no wpr-sticky-section-no wpr-equal-height-no e-con e-parent\" data-id=\"f965665\" data-element_type=\"container\" data-e-type=\"container\">\n\t\t\t\t\t<div class=\"e-con-inner\">\n\t\t\t\t<div class=\"elementor-element elementor-element-7d2b18d elementor-widget elementor-widget-heading\" data-id=\"7d2b18d\" data-element_type=\"widget\" data-e-type=\"widget\" data-widget_type=\"heading.default\">\n\t\t\t\t\t<h2 class=\"elementor-heading-title elementor-size-default\">Promo\u00e7\u00e3o Black Friday<\/h2>\t\t\t\t<\/div>\n\t\t\t\t<div class=\"elementor-element elementor-element-0f4e17a elementor-widget elementor-widget-text-editor\" data-id=\"0f4e17a\" data-element_type=\"widget\" data-e-type=\"widget\" data-widget_type=\"text-editor.default\">\n\t\t\t\t\t\t\t\t\t<p><b>Como parte do m\u00f3dulo de P\u00f3s-produ\u00e7\u00e3o Fotogr\u00e1fica da World Academy, foi nos pedido que trabalh\u00e1sse-mos esta fotografia e que cri\u00e1sse-mos um cartaz para uma promo\u00e7\u00e3o na Seaside. A fotografia raw foi editada editada no Photoshop e posteriormente foi criado o layout do cartaz.<\/b><\/p>\t\t\t\t\t\t\t\t<\/div>\n\t\t\t\t<div class=\"elementor-element elementor-element-c1f6d08 wpr-grid-columns-4 wpr-grid-columns--tablet3 wpr-grid-columns--mobile1 wpr-grid-pagination-center elementor-widget elementor-widget-wpr-media-grid\" data-id=\"c1f6d08\" data-element_type=\"widget\" data-e-type=\"widget\" data-widget_type=\"wpr-media-grid.default\">\n\t\t\t\t\t<section class=\"wpr-grid wpr-media-grid elementor-clearfix\" data-settings=\"{&quot;layout&quot;:&quot;masonry&quot;,&quot;columns_desktop&quot;:&quot;4&quot;,&quot;gutter_hr&quot;:10,&quot;gutter_hr_mobile&quot;:10,&quot;gutter_hr_mobile_extra&quot;:10,&quot;gutter_hr_tablet&quot;:10,&quot;gutter_hr_tablet_extra&quot;:10,&quot;gutter_hr_laptop&quot;:10,&quot;gutter_hr_widescreen&quot;:10,&quot;gutter_vr&quot;:10,&quot;gutter_vr_mobile&quot;:10,&quot;gutter_vr_mobile_extra&quot;:10,&quot;gutter_vr_tablet&quot;:10,&quot;gutter_vr_tablet_extra&quot;:10,&quot;gutter_vr_laptop&quot;:10,&quot;gutter_vr_widescreen&quot;:10,&quot;animation&quot;:&quot;default&quot;,&quot;animation_duration&quot;:0.3,&quot;animation_delay&quot;:0.1,&quot;deeplinking&quot;:&quot;&quot;,&quot;filters_default_filter&quot;:&quot;&quot;,&quot;filters_linkable&quot;:&quot;no&quot;,&quot;filters_count&quot;:&quot;&quot;,&quot;filters_hide_empty&quot;:&quot;no&quot;,&quot;filters_animation&quot;:&quot;default&quot;,&quot;filters_animation_duration&quot;:0.3,&quot;filters_animation_delay&quot;:0.1,&quot;pagination_type&quot;:&quot;load-more&quot;,&quot;pagination_max_pages&quot;:1,&quot;lightbox&quot;:{&quot;selector&quot;:&quot;.wpr-grid-image-wrap&quot;,&quot;iframeMaxWidth&quot;:&quot;60%&quot;,&quot;hash&quot;:false,&quot;autoplay&quot;:&quot;true&quot;,&quot;pause&quot;:5000,&quot;progressBar&quot;:&quot;true&quot;,&quot;counter&quot;:&quot;true&quot;,&quot;controls&quot;:&quot;true&quot;,&quot;getCaptionFromTitleOrAlt&quot;:&quot;true&quot;,&quot;thumbnail&quot;:&quot;&quot;,&quot;showThumbByDefault&quot;:&quot;&quot;,&quot;share&quot;:&quot;&quot;,&quot;zoom&quot;:&quot;true&quot;,&quot;fullScreen&quot;:&quot;true&quot;,&quot;download&quot;:&quot;true&quot;}}\"><article class=\"wpr-grid-item elementor-clearfix post-301 attachment type-attachment status-inherit hentry\"><div class=\"wpr-grid-item-inner\"><div class=\"wpr-grid-media-wrap wpr-effect-size-small\"><div class=\"wpr-grid-image-wrap\" data-src=\"https:\/\/inesalegria.com\/wp-content\/uploads\/2024\/07\/Black-Friday-e1763986425181.png\"><img decoding=\"async\" src=\"https:\/\/inesalegria.com\/wp-content\/uploads\/2024\/07\/Black-Friday-e1763986425181.png\" alt=\"Black Friday\" class=\"wpr-anim-timing-ease-default\"><\/div><div class=\"wpr-grid-media-hover wpr-animation-wrap\"><div class=\"wpr-grid-media-hover-bg  wpr-overlay-fade-in wpr-anim-size-large wpr-anim-timing-ease-default wpr-anim-transparency\" data-url=\"https:\/\/inesalegria.com\/pt\/projetos\/black-friday\/#main\"><\/div><div class=\"wpr-cv-container\"><div class=\"wpr-cv-outer\"><div class=\"wpr-cv-inner\"><div class=\"wpr-grid-media-hover-middle elementor-clearfix\"><div class=\"wpr-grid-item-lightbox elementor-repeater-item-e8d34f6 wpr-grid-item-display-block wpr-grid-item-align-center wpr-element-fade-in wpr-anim-size-large wpr-anim-timing-ease-default wpr-anim-transparency\"><div class=\"inner-block\"><span data-src=\"https:\/\/inesalegria.com\/wp-content\/uploads\/2024\/07\/Black-Friday-e1763986425181.png\"><i class=\"fas fa-search\"><\/i><\/span><div class=\"wpr-grid-lightbox-overlay\"><\/div><\/div><\/div><h2 class=\"wpr-grid-item-title elementor-repeater-item-912dd37 wpr-grid-item-display-block wpr-grid-item-align-center wpr-element-fade-in wpr-anim-size-large wpr-anim-timing-ease-default wpr-anim-transparency wpr-pointer-none wpr-pointer-line-fx wpr-pointer-fx-fade\"><div class=\"inner-block\"><a  href=\"https:\/\/inesalegria.com\/pt\/projetos\/black-friday\/#main\">Black Friday<\/a><\/div><\/h2><\/div><\/div><\/div><\/div><\/div><\/div><\/div><\/article><\/section>\t\t\t\t<\/div>\n\t\t\t\t\t<\/div>\n\t\t\t\t<\/div>\n\t\t\t\t<\/div>","protected":false},"excerpt":{"rendered":"<p>Black Friday Promotion As part of the module Post-production Photography at World Academy\u2019s Graphic Design course, we were asked to do a poster for the Black Friday sale at Seaside. This was my proposition. You had to not only create a layout but also edit the raw photograph in Photoshop. Black Friday<\/p>","protected":false},"author":1,"featured_media":301,"parent":0,"menu_order":0,"comment_status":"closed","ping_status":"closed","template":"page-blank.php","meta":{"footnotes":""},"class_list":["post-830","page","type-page","status-publish","has-post-thumbnail","hentry"],"_links":{"self":[{"href":"https:\/\/inesalegria.com\/pt\/wp-json\/wp\/v2\/pages\/830","targetHints":{"allow":["GET"]}}],"collection":[{"href":"https:\/\/inesalegria.com\/pt\/wp-json\/wp\/v2\/pages"}],"about":[{"href":"https:\/\/inesalegria.com\/pt\/wp-json\/wp\/v2\/types\/page"}],"author":[{"embeddable":true,"href":"https:\/\/inesalegria.com\/pt\/wp-json\/wp\/v2\/users\/1"}],"replies":[{"embeddable":true,"href":"https:\/\/inesalegria.com\/pt\/wp-json\/wp\/v2\/comments?post=830"}],"version-history":[{"count":18,"href":"https:\/\/inesalegria.com\/pt\/wp-json\/wp\/v2\/pages\/830\/revisions"}],"predecessor-version":[{"id":1760,"href":"https:\/\/inesalegria.com\/pt\/wp-json\/wp\/v2\/pages\/830\/revisions\/1760"}],"wp:featuredmedia":[{"embeddable":true,"href":"https:\/\/inesalegria.com\/pt\/wp-json\/wp\/v2\/media\/301"}],"wp:attachment":[{"href":"https:\/\/inesalegria.com\/pt\/wp-json\/wp\/v2\/media?parent=830"}],"curies":[{"name":"wp","href":"https:\/\/api.w.org\/{rel}","templated":true}]}}