{"id":1257,"date":"2024-10-03T10:57:20","date_gmt":"2024-10-03T10:57:20","guid":{"rendered":"https:\/\/inesalegria.com\/?page_id=1257"},"modified":"2025-01-09T15:41:15","modified_gmt":"2025-01-09T15:41:15","slug":"sagres-publicity","status":"publish","type":"page","link":"https:\/\/inesalegria.com\/pt\/sagres-publicity\/","title":{"rendered":"Sagres"},"content":{"rendered":"<p class=\"attachment\"><a href='https:\/\/inesalegria.com\/wp-content\/uploads\/2024\/10\/Sagres-cartaz-2-1.png'><img fetchpriority=\"high\" decoding=\"async\" width=\"212\" height=\"300\" src=\"https:\/\/inesalegria.com\/wp-content\/uploads\/2024\/10\/Sagres-cartaz-2-1-212x300.png\" class=\"attachment-medium size-medium\" alt=\"\" srcset=\"https:\/\/inesalegria.com\/wp-content\/uploads\/2024\/10\/Sagres-cartaz-2-1-212x300.png 212w, https:\/\/inesalegria.com\/wp-content\/uploads\/2024\/10\/Sagres-cartaz-2-1-724x1024.png 724w, https:\/\/inesalegria.com\/wp-content\/uploads\/2024\/10\/Sagres-cartaz-2-1-768x1086.png 768w, https:\/\/inesalegria.com\/wp-content\/uploads\/2024\/10\/Sagres-cartaz-2-1-1086x1536.png 1086w, https:\/\/inesalegria.com\/wp-content\/uploads\/2024\/10\/Sagres-cartaz-2-1-1448x2048.png 1448w, https:\/\/inesalegria.com\/wp-content\/uploads\/2024\/10\/Sagres-cartaz-2-1-233x330.png 233w, https:\/\/inesalegria.com\/wp-content\/uploads\/2024\/10\/Sagres-cartaz-2-1-127x180.png 127w\" sizes=\"(max-width: 212px) 100vw, 212px\" \/><\/a><\/p>\n\t\t<div data-elementor-type=\"wp-page\" data-elementor-id=\"1257\" class=\"elementor elementor-1257\">\n\t\t\t\t<div class=\"elementor-element elementor-element-79865c06 e-flex e-con-boxed wpr-particle-no wpr-jarallax-no wpr-parallax-no wpr-sticky-section-no wpr-equal-height-no e-con e-parent\" data-id=\"79865c06\" data-element_type=\"container\" data-e-type=\"container\">\n\t\t\t\t\t<div class=\"e-con-inner\">\n\t\t\t\t<div class=\"elementor-element elementor-element-144b2f0 elementor-widget elementor-widget-heading\" data-id=\"144b2f0\" data-element_type=\"widget\" data-e-type=\"widget\" data-widget_type=\"heading.default\">\n\t\t\t\t\t<h2 class=\"elementor-heading-title elementor-size-default\">Publicidade Sagres<\/h2>\t\t\t\t<\/div>\n\t\t\t\t<div class=\"elementor-element elementor-element-6e84124 elementor-widget elementor-widget-text-editor\" data-id=\"6e84124\" data-element_type=\"widget\" data-e-type=\"widget\" data-widget_type=\"text-editor.default\">\n\t\t\t\t\t\t\t\t\t<p><b>Como parte do m\u00f3dulo de Publicidade do curso de Design Gr\u00e1fico na World Academy, a turma foi proposta a criar um poster para a marca de cerveja Sagres. A Sagres \u00e9 a marca patrocinadora das festas de Santo Ant\u00f3nio. Esta foi a minha proposta.<\/b><\/p>\t\t\t\t\t\t\t\t<\/div>\n\t\t\t\t<div class=\"elementor-element elementor-element-7c082e6 wpr-grid-columns-2 wpr-grid-columns--tablet3 wpr-grid-columns--mobile1 wpr-grid-pagination-center elementor-widget elementor-widget-wpr-media-grid\" data-id=\"7c082e6\" data-element_type=\"widget\" data-e-type=\"widget\" data-widget_type=\"wpr-media-grid.default\">\n\t\t\t\t\t<section class=\"wpr-grid wpr-media-grid elementor-clearfix\" data-settings=\"{&quot;layout&quot;:&quot;masonry&quot;,&quot;columns_desktop&quot;:&quot;2&quot;,&quot;gutter_hr&quot;:10,&quot;gutter_hr_mobile&quot;:10,&quot;gutter_hr_mobile_extra&quot;:10,&quot;gutter_hr_tablet&quot;:10,&quot;gutter_hr_tablet_extra&quot;:10,&quot;gutter_hr_laptop&quot;:10,&quot;gutter_hr_widescreen&quot;:10,&quot;gutter_vr&quot;:10,&quot;gutter_vr_mobile&quot;:10,&quot;gutter_vr_mobile_extra&quot;:10,&quot;gutter_vr_tablet&quot;:10,&quot;gutter_vr_tablet_extra&quot;:10,&quot;gutter_vr_laptop&quot;:10,&quot;gutter_vr_widescreen&quot;:10,&quot;animation&quot;:&quot;default&quot;,&quot;animation_duration&quot;:0.3,&quot;animation_delay&quot;:0.1,&quot;deeplinking&quot;:&quot;&quot;,&quot;filters_default_filter&quot;:&quot;&quot;,&quot;filters_linkable&quot;:&quot;no&quot;,&quot;filters_count&quot;:&quot;&quot;,&quot;filters_hide_empty&quot;:&quot;no&quot;,&quot;filters_animation&quot;:&quot;default&quot;,&quot;filters_animation_duration&quot;:0.3,&quot;filters_animation_delay&quot;:0.1,&quot;pagination_type&quot;:&quot;load-more&quot;,&quot;pagination_max_pages&quot;:1,&quot;lightbox&quot;:{&quot;selector&quot;:&quot;.wpr-grid-image-wrap&quot;,&quot;iframeMaxWidth&quot;:&quot;60%&quot;,&quot;hash&quot;:false,&quot;autoplay&quot;:&quot;true&quot;,&quot;pause&quot;:5000,&quot;progressBar&quot;:&quot;true&quot;,&quot;counter&quot;:&quot;true&quot;,&quot;controls&quot;:&quot;true&quot;,&quot;getCaptionFromTitleOrAlt&quot;:&quot;true&quot;,&quot;thumbnail&quot;:&quot;&quot;,&quot;showThumbByDefault&quot;:&quot;&quot;,&quot;share&quot;:&quot;&quot;,&quot;zoom&quot;:&quot;true&quot;,&quot;fullScreen&quot;:&quot;true&quot;,&quot;download&quot;:&quot;true&quot;}}\"><article class=\"wpr-grid-item elementor-clearfix post-1253 attachment type-attachment status-inherit hentry\"><div class=\"wpr-grid-item-inner\"><div class=\"wpr-grid-media-wrap wpr-effect-size-small\"><div class=\"wpr-grid-image-wrap\" data-src=\"https:\/\/inesalegria.com\/wp-content\/uploads\/2024\/10\/Sagres-cartaz-Copia.png\"><img decoding=\"async\" src=\"https:\/\/inesalegria.com\/wp-content\/uploads\/2024\/10\/Sagres-cartaz-Copia.png\" alt=\"Poster Sagres\" class=\"wpr-anim-timing-ease-default\"><\/div><div class=\"wpr-grid-media-hover wpr-animation-wrap\"><div class=\"wpr-grid-media-hover-bg  wpr-overlay-fade-in wpr-anim-size-large wpr-anim-timing-ease-default wpr-anim-transparency\" data-url=\"https:\/\/inesalegria.com\/pt\/projetos\/sagres-cartaz-copia\/#main\"><\/div><div class=\"wpr-cv-container\"><div class=\"wpr-cv-outer\"><div class=\"wpr-cv-inner\"><div class=\"wpr-grid-media-hover-middle elementor-clearfix\"><div class=\"wpr-grid-item-lightbox elementor-repeater-item-b85ddc9 wpr-grid-item-display-block wpr-grid-item-align-center wpr-element-fade-in wpr-anim-size-large wpr-anim-timing-ease-default wpr-anim-transparency\"><div class=\"inner-block\"><span data-src=\"https:\/\/inesalegria.com\/wp-content\/uploads\/2024\/10\/Sagres-cartaz-Copia.png\"><i class=\"fas fa-search\"><\/i><\/span><div class=\"wpr-grid-lightbox-overlay\"><\/div><\/div><\/div><h2 class=\"wpr-grid-item-title elementor-repeater-item-7ecd077 wpr-grid-item-display-block wpr-grid-item-align-center wpr-element-fade-in wpr-anim-size-large wpr-anim-timing-ease-default wpr-anim-transparency wpr-pointer-none wpr-pointer-line-fx wpr-pointer-fx-fade\"><div class=\"inner-block\"><a  href=\"https:\/\/inesalegria.com\/pt\/projetos\/sagres-cartaz-copia\/#main\">Poster Sagres<\/a><\/div><\/h2><\/div><\/div><\/div><\/div><\/div><\/div><\/div><\/article><article class=\"wpr-grid-item elementor-clearfix post-1273 attachment type-attachment status-inherit hentry\"><div class=\"wpr-grid-item-inner\"><div class=\"wpr-grid-media-wrap wpr-effect-size-small\"><div class=\"wpr-grid-image-wrap\" data-src=\"https:\/\/inesalegria.com\/wp-content\/uploads\/2024\/10\/Sagres-cartaz-2-1.png\"><img decoding=\"async\" src=\"https:\/\/inesalegria.com\/wp-content\/uploads\/2024\/10\/Sagres-cartaz-2-1.png\" alt=\"Poster Sagres\" class=\"wpr-anim-timing-ease-default\"><\/div><div class=\"wpr-grid-media-hover wpr-animation-wrap\"><div class=\"wpr-grid-media-hover-bg  wpr-overlay-fade-in wpr-anim-size-large wpr-anim-timing-ease-default wpr-anim-transparency\" data-url=\"https:\/\/inesalegria.com\/pt\/sagres-cartaz-2-2\/\"><\/div><div class=\"wpr-cv-container\"><div class=\"wpr-cv-outer\"><div class=\"wpr-cv-inner\"><div class=\"wpr-grid-media-hover-middle elementor-clearfix\"><div class=\"wpr-grid-item-lightbox elementor-repeater-item-b85ddc9 wpr-grid-item-display-block wpr-grid-item-align-center wpr-element-fade-in wpr-anim-size-large wpr-anim-timing-ease-default wpr-anim-transparency\"><div class=\"inner-block\"><span data-src=\"https:\/\/inesalegria.com\/wp-content\/uploads\/2024\/10\/Sagres-cartaz-2-1.png\"><i class=\"fas fa-search\"><\/i><\/span><div class=\"wpr-grid-lightbox-overlay\"><\/div><\/div><\/div><h2 class=\"wpr-grid-item-title elementor-repeater-item-7ecd077 wpr-grid-item-display-block wpr-grid-item-align-center wpr-element-fade-in wpr-anim-size-large wpr-anim-timing-ease-default wpr-anim-transparency wpr-pointer-none wpr-pointer-line-fx wpr-pointer-fx-fade\"><div class=\"inner-block\"><a  href=\"https:\/\/inesalegria.com\/pt\/sagres-cartaz-2-2\/\">Poster Sagres<\/a><\/div><\/h2><\/div><\/div><\/div><\/div><\/div><\/div><\/div><\/article><\/section>\t\t\t\t<\/div>\n\t\t\t\t\t<\/div>\n\t\t\t\t<\/div>\n\t\t\t\t<\/div>","protected":false},"excerpt":{"rendered":"<p>Sagres Advertisement As part of the module Advertisement at World Academy\u2019s Graphic Design course, we were asked to do a poster for the bear company Sagres, the main sponsor of the Santo Ant\u00f3nio partys in Lisboa. This was my proposition. Sagres cartaz &#8211; C\u00f3pia Sagres cartaz 2<\/p>","protected":false},"author":1,"featured_media":1253,"parent":0,"menu_order":0,"comment_status":"closed","ping_status":"closed","template":"page-blank.php","meta":{"footnotes":""},"class_list":["post-1257","page","type-page","status-publish","has-post-thumbnail","hentry"],"_links":{"self":[{"href":"https:\/\/inesalegria.com\/pt\/wp-json\/wp\/v2\/pages\/1257","targetHints":{"allow":["GET"]}}],"collection":[{"href":"https:\/\/inesalegria.com\/pt\/wp-json\/wp\/v2\/pages"}],"about":[{"href":"https:\/\/inesalegria.com\/pt\/wp-json\/wp\/v2\/types\/page"}],"author":[{"embeddable":true,"href":"https:\/\/inesalegria.com\/pt\/wp-json\/wp\/v2\/users\/1"}],"replies":[{"embeddable":true,"href":"https:\/\/inesalegria.com\/pt\/wp-json\/wp\/v2\/comments?post=1257"}],"version-history":[{"count":7,"href":"https:\/\/inesalegria.com\/pt\/wp-json\/wp\/v2\/pages\/1257\/revisions"}],"predecessor-version":[{"id":1838,"href":"https:\/\/inesalegria.com\/pt\/wp-json\/wp\/v2\/pages\/1257\/revisions\/1838"}],"wp:featuredmedia":[{"embeddable":true,"href":"https:\/\/inesalegria.com\/pt\/wp-json\/wp\/v2\/media\/1253"}],"wp:attachment":[{"href":"https:\/\/inesalegria.com\/pt\/wp-json\/wp\/v2\/media?parent=1257"}],"curies":[{"name":"wp","href":"https:\/\/api.w.org\/{rel}","templated":true}]}}